{"id":10602,"date":"2024-10-12T21:17:41","date_gmt":"2024-10-12T21:17:41","guid":{"rendered":"https:\/\/asiaglobalservice.com\/?post_type=product&#038;p=10602"},"modified":"2026-01-19T11:43:04","modified_gmt":"2026-01-19T10:43:04","slug":"promatic-serie-3-cod-4512505","status":"publish","type":"product","link":"https:\/\/asiaglobalservice.com\/index.php\/prodotto\/promatic-serie-3-cod-4512505\/","title":{"rendered":"PROMATIC serie 3 cod. 4512505"},"content":{"rendered":"<p><strong><span style=\"font-family: arial, helvetica, sans-serif;font-size: 14pt\">Corpo motore <\/span><span style=\"font-family: arial, helvetica, sans-serif;font-size: 12pt\">ProMatic Serie 3 BiSecur <\/span><\/strong><span style=\"font-family: arial, helvetica, sans-serif;font-size: 12pt\">senza materiale di fissaggio con ricevente.<\/span><\/p>\n<p><span style=\"font-family: arial, helvetica, sans-serif\">La collaudata testa di azionamento H\u00f6rmann ProMatic \u00e8 disponibile anche come pezzo di ricambio per la Serie 3. Come azionamento sostitutivo per le guide di azionamento H\u00f6rmann esistenti, presenta tutte le caratteristiche di un moderno azionamento per portoni da garage.<\/span><\/p>\n<p><span style=\"font-family: arial, helvetica, sans-serif\"><strong>Volume di consegna<\/strong><\/span><\/p>\n<ul>\n<li><span style=\"font-family: arial, helvetica, sans-serif\">Testa motrice H\u00f6rmann ProMatic Serie 3 con ricevitore bidirezionale integrato a 2 canali 868-BS<\/span><\/li>\n<\/ul>\n<p><span style=\"font-family: arial, helvetica, sans-serif\"><strong>Nota:<\/strong>\u00a0la testa di ricambio viene generalmente consegnata senza guida, telecomando, istruzioni, materiale di montaggio e sospensioni.<\/span><\/p>\n<h4><span style=\"font-family: arial, helvetica, sans-serif\">Dati tecnici<\/span><\/h4>\n<ul>\n<li><span style=\"font-family: arial, helvetica, sans-serif\">Soft start e soft stop regolabili: protegge la porta e l&#8217;azionamento, silenziosa in ogni fase del movimento della porta<\/span><\/li>\n<li><span style=\"font-family: arial, helvetica, sans-serif\">Chiusura automatica del cancello: protezione meccanica ottimale contro lo scasso del cancello (brevetto H\u00f6rmann)<\/span><\/li>\n<li><span style=\"font-family: arial, helvetica, sans-serif\">Spegnimento automatico affidabile: il cancello si ferma immediatamente in caso di ostacoli improvvisi<\/span><\/li>\n<li><span style=\"font-family: arial, helvetica, sans-serif\">Apertura parziale regolabile<\/span><\/li>\n<li><span style=\"font-family: arial, helvetica, sans-serif\">Cinghia dentata autotensionante esente da manutenzione (brevetto H\u00f6rmann)<\/span><\/li>\n<li><span style=\"font-family: arial, helvetica, sans-serif\">Sblocco di emergenza interno<\/span><\/li>\n<li><span style=\"font-family: arial, helvetica, sans-serif\">Controllo degli impulsi<\/span><\/li>\n<li><span style=\"font-family: arial, helvetica, sans-serif\">Cavo di collegamento con spina europea<\/span><\/li>\n<li><span style=\"font-family: arial, helvetica, sans-serif\">Dispositivo antiscivolo per evitare furti con scasso<\/span><\/li>\n<li><span style=\"font-family: arial, helvetica, sans-serif\">vasta gamma di accessori H\u00f6rmann<\/span><\/li>\n<li><span style=\"font-family: arial, helvetica, sans-serif\">Illuminazione del garage integrata con luce di 2 minuti<\/span><\/li>\n<\/ul>\n<table>\n<tbody>\n<tr>\n<td><span style=\"font-family: arial, helvetica, sans-serif\">Motore:<\/span><\/td>\n<td><span style=\"font-family: arial, helvetica, sans-serif\">Motoriduttore 24 V CC<\/span><\/td>\n<\/tr>\n<tr>\n<td><span style=\"font-family: arial, helvetica, sans-serif\">Collegamento alla rete:<\/span><\/td>\n<td><span style=\"font-family: arial, helvetica, sans-serif\">Voltaggio 230V &#8211; 240V AC<\/span><\/td>\n<\/tr>\n<tr>\n<td><span style=\"font-family: arial, helvetica, sans-serif\">Consumo energetico:<\/span><\/td>\n<td><span style=\"font-family: arial, helvetica, sans-serif\">0,2 kW<\/span><\/td>\n<\/tr>\n<tr>\n<td><span style=\"font-family: arial, helvetica, sans-serif\">Forza di trazione e compressione:<\/span><\/td>\n<td><span style=\"font-family: arial, helvetica, sans-serif\">fino a 600 N<\/span><\/td>\n<\/tr>\n<tr>\n<td><span style=\"font-family: arial, helvetica, sans-serif\">Potenza di picco:<\/span><\/td>\n<td><span style=\"font-family: arial, helvetica, sans-serif\">fino a 750 N<\/span><\/td>\n<\/tr>\n<tr>\n<td><span style=\"font-family: arial, helvetica, sans-serif\">Velocit\u00e0 di apertura:<\/span><\/td>\n<td><span style=\"font-family: arial, helvetica, sans-serif\">massimo 14 cm\/sec<\/span><\/td>\n<\/tr>\n<tr>\n<td><span style=\"font-family: arial, helvetica, sans-serif\">Stand-by:<\/span><\/td>\n<td><span style=\"font-family: arial, helvetica, sans-serif\">&lt;7 watt<\/span><\/td>\n<\/tr>\n<tr>\n<td><span style=\"font-family: arial, helvetica, sans-serif\">Alloggiamento:<\/span><\/td>\n<td><span style=\"font-family: arial, helvetica, sans-serif\">Piastra di base in plastica e acciaio zincato<\/span><\/td>\n<\/tr>\n<tr>\n<td><span style=\"font-family: arial, helvetica, sans-serif\">Intervallo di temperatura:<\/span><\/td>\n<td><span style=\"font-family: arial, helvetica, sans-serif\">Da -20\u00b0C a +60\u00b0C<\/span><\/td>\n<\/tr>\n<tr>\n<td><span style=\"font-family: arial, helvetica, sans-serif\">Classe di protezione:<\/span><\/td>\n<td><span style=\"font-family: arial, helvetica, sans-serif\">solo per ambienti asciutti<\/span><\/td>\n<\/tr>\n<tr>\n<td><span style=\"font-family: arial, helvetica, sans-serif\">Annuncio:<\/span><\/td>\n<td><span style=\"font-family: arial, helvetica, sans-serif\">GUIDATO<\/span><\/td>\n<\/tr>\n<tr>\n<td><span style=\"font-family: arial, helvetica, sans-serif\">Tempo di permanenza:<\/span><\/td>\n<td><span style=\"font-family: arial, helvetica, sans-serif\">30 secondi dopo l&#8217;attivazione<\/span><\/td>\n<\/tr>\n<\/tbody>\n<\/table>\n<p><span style=\"font-family: arial, helvetica, sans-serif\">Sostituisce le serie 1 e 2<\/span><\/p>","protected":false},"excerpt":{"rendered":"<p>IVA COMPRESA<\/p>\n","protected":false},"featured_media":10603,"template":"","meta":{"_joinchat":[]},"product_brand":[315],"product_cat":[137,132,138],"product_tag":[271,178,202],"class_list":{"0":"post-10602","1":"product","2":"type-product","3":"status-publish","4":"has-post-thumbnail","6":"product_brand-hormann","7":"product_cat-basculante-hormann","8":"product_cat-hormann","9":"product_cat-sezionale","10":"product_tag-motorizzazioni","11":"product_tag-porte-garage","12":"product_tag-porte-sezionali","14":"first","15":"outofstock","16":"shipping-taxable","17":"purchasable","18":"product-type-simple"},"yoast_head":"<!-- This site is optimized with the Yoast SEO plugin v26.1.1 - https:\/\/yoast.com\/wordpress\/plugins\/seo\/ -->\n<title>PROMATIC serie 3 cod. 4512505 - Asia Global Service<\/title>\n<meta name=\"robots\" content=\"index, follow, max-snippet:-1, max-image-preview:large, max-video-preview:-1\" \/>\n<link rel=\"canonical\" href=\"https:\/\/asiaglobalservice.com\/index.php\/prodotto\/promatic-serie-3-cod-4512505\/\" \/>\n<meta property=\"og:locale\" content=\"it_IT\" \/>\n<meta property=\"og:type\" content=\"article\" \/>\n<meta property=\"og:title\" content=\"PROMATIC serie 3 cod. 4512505 - Asia Global Service\" \/>\n<meta property=\"og:description\" content=\"IVA COMPRESA\" \/>\n<meta property=\"og:url\" content=\"https:\/\/asiaglobalservice.com\/index.php\/prodotto\/promatic-serie-3-cod-4512505\/\" \/>\n<meta property=\"og:site_name\" content=\"Asia Global Service\" \/>\n<meta property=\"article:modified_time\" content=\"2026-01-19T10:43:04+00:00\" \/>\n<meta property=\"og:image\" content=\"https:\/\/asiaglobalservice.com\/wp-content\/uploads\/2024\/10\/PROMATIC-3.jpg\" \/>\n\t<meta property=\"og:image:width\" content=\"800\" \/>\n\t<meta property=\"og:image:height\" content=\"800\" \/>\n\t<meta property=\"og:image:type\" content=\"image\/jpeg\" \/>\n<meta name=\"twitter:card\" content=\"summary_large_image\" \/>\n<meta name=\"twitter:label1\" content=\"Tempo di lettura stimato\" \/>\n\t<meta name=\"twitter:data1\" content=\"2 minuti\" \/>\n<script type=\"application\/ld+json\" class=\"yoast-schema-graph\">{\"@context\":\"https:\/\/schema.org\",\"@graph\":[{\"@type\":\"WebPage\",\"@id\":\"https:\/\/asiaglobalservice.com\/index.php\/prodotto\/promatic-serie-3-cod-4512505\/\",\"url\":\"https:\/\/asiaglobalservice.com\/index.php\/prodotto\/promatic-serie-3-cod-4512505\/\",\"name\":\"PROMATIC serie 3 cod. 4512505 - Asia Global Service\",\"isPartOf\":{\"@id\":\"https:\/\/asiaglobalservice.com\/#website\"},\"primaryImageOfPage\":{\"@id\":\"https:\/\/asiaglobalservice.com\/index.php\/prodotto\/promatic-serie-3-cod-4512505\/#primaryimage\"},\"image\":{\"@id\":\"https:\/\/asiaglobalservice.com\/index.php\/prodotto\/promatic-serie-3-cod-4512505\/#primaryimage\"},\"thumbnailUrl\":\"https:\/\/asiaglobalservice.com\/wp-content\/uploads\/2024\/10\/PROMATIC-3.jpg\",\"datePublished\":\"2024-10-12T21:17:41+00:00\",\"dateModified\":\"2026-01-19T10:43:04+00:00\",\"breadcrumb\":{\"@id\":\"https:\/\/asiaglobalservice.com\/index.php\/prodotto\/promatic-serie-3-cod-4512505\/#breadcrumb\"},\"inLanguage\":\"it-IT\",\"potentialAction\":[{\"@type\":\"ReadAction\",\"target\":[\"https:\/\/asiaglobalservice.com\/index.php\/prodotto\/promatic-serie-3-cod-4512505\/\"]}]},{\"@type\":\"ImageObject\",\"inLanguage\":\"it-IT\",\"@id\":\"https:\/\/asiaglobalservice.com\/index.php\/prodotto\/promatic-serie-3-cod-4512505\/#primaryimage\",\"url\":\"https:\/\/asiaglobalservice.com\/wp-content\/uploads\/2024\/10\/PROMATIC-3.jpg\",\"contentUrl\":\"https:\/\/asiaglobalservice.com\/wp-content\/uploads\/2024\/10\/PROMATIC-3.jpg\",\"width\":800,\"height\":800},{\"@type\":\"BreadcrumbList\",\"@id\":\"https:\/\/asiaglobalservice.com\/index.php\/prodotto\/promatic-serie-3-cod-4512505\/#breadcrumb\",\"itemListElement\":[{\"@type\":\"ListItem\",\"position\":1,\"name\":\"Home\",\"item\":\"https:\/\/asiaglobalservice.com\/\"},{\"@type\":\"ListItem\",\"position\":2,\"name\":\"Shop\",\"item\":\"https:\/\/asiaglobalservice.com\/index.php\/shop\/\"},{\"@type\":\"ListItem\",\"position\":3,\"name\":\"PROMATIC serie 3 cod. 4512505\"}]},{\"@type\":\"WebSite\",\"@id\":\"https:\/\/asiaglobalservice.com\/#website\",\"url\":\"https:\/\/asiaglobalservice.com\/\",\"name\":\"Asia Global Service\",\"description\":\"\",\"publisher\":{\"@id\":\"https:\/\/asiaglobalservice.com\/#organization\"},\"potentialAction\":[{\"@type\":\"SearchAction\",\"target\":{\"@type\":\"EntryPoint\",\"urlTemplate\":\"https:\/\/asiaglobalservice.com\/?s={search_term_string}\"},\"query-input\":{\"@type\":\"PropertyValueSpecification\",\"valueRequired\":true,\"valueName\":\"search_term_string\"}}],\"inLanguage\":\"it-IT\"},{\"@type\":\"Organization\",\"@id\":\"https:\/\/asiaglobalservice.com\/#organization\",\"name\":\"Asia Global Service\",\"url\":\"https:\/\/asiaglobalservice.com\/\",\"logo\":{\"@type\":\"ImageObject\",\"inLanguage\":\"it-IT\",\"@id\":\"https:\/\/asiaglobalservice.com\/#\/schema\/logo\/image\/\",\"url\":\"https:\/\/asiaglobalservice.com\/wp-content\/uploads\/2024\/10\/logo-asia-sfondato.png\",\"contentUrl\":\"https:\/\/asiaglobalservice.com\/wp-content\/uploads\/2024\/10\/logo-asia-sfondato.png\",\"width\":826,\"height\":278,\"caption\":\"Asia Global Service\"},\"image\":{\"@id\":\"https:\/\/asiaglobalservice.com\/#\/schema\/logo\/image\/\"}}]}<\/script>\n<!-- \/ Yoast SEO plugin. -->","yoast_head_json":{"title":"PROMATIC serie 3 cod. 4512505 - Asia Global Service","robots":{"index":"index","follow":"follow","max-snippet":"max-snippet:-1","max-image-preview":"max-image-preview:large","max-video-preview":"max-video-preview:-1"},"canonical":"https:\/\/asiaglobalservice.com\/index.php\/prodotto\/promatic-serie-3-cod-4512505\/","og_locale":"it_IT","og_type":"article","og_title":"PROMATIC serie 3 cod. 4512505 - Asia Global Service","og_description":"IVA COMPRESA","og_url":"https:\/\/asiaglobalservice.com\/index.php\/prodotto\/promatic-serie-3-cod-4512505\/","og_site_name":"Asia Global Service","article_modified_time":"2026-01-19T10:43:04+00:00","og_image":[{"width":800,"height":800,"url":"https:\/\/asiaglobalservice.com\/wp-content\/uploads\/2024\/10\/PROMATIC-3.jpg","type":"image\/jpeg"}],"twitter_card":"summary_large_image","twitter_misc":{"Tempo di lettura stimato":"2 minuti"},"schema":{"@context":"https:\/\/schema.org","@graph":[{"@type":"WebPage","@id":"https:\/\/asiaglobalservice.com\/index.php\/prodotto\/promatic-serie-3-cod-4512505\/","url":"https:\/\/asiaglobalservice.com\/index.php\/prodotto\/promatic-serie-3-cod-4512505\/","name":"PROMATIC serie 3 cod. 4512505 - Asia Global Service","isPartOf":{"@id":"https:\/\/asiaglobalservice.com\/#website"},"primaryImageOfPage":{"@id":"https:\/\/asiaglobalservice.com\/index.php\/prodotto\/promatic-serie-3-cod-4512505\/#primaryimage"},"image":{"@id":"https:\/\/asiaglobalservice.com\/index.php\/prodotto\/promatic-serie-3-cod-4512505\/#primaryimage"},"thumbnailUrl":"https:\/\/asiaglobalservice.com\/wp-content\/uploads\/2024\/10\/PROMATIC-3.jpg","datePublished":"2024-10-12T21:17:41+00:00","dateModified":"2026-01-19T10:43:04+00:00","breadcrumb":{"@id":"https:\/\/asiaglobalservice.com\/index.php\/prodotto\/promatic-serie-3-cod-4512505\/#breadcrumb"},"inLanguage":"it-IT","potentialAction":[{"@type":"ReadAction","target":["https:\/\/asiaglobalservice.com\/index.php\/prodotto\/promatic-serie-3-cod-4512505\/"]}]},{"@type":"ImageObject","inLanguage":"it-IT","@id":"https:\/\/asiaglobalservice.com\/index.php\/prodotto\/promatic-serie-3-cod-4512505\/#primaryimage","url":"https:\/\/asiaglobalservice.com\/wp-content\/uploads\/2024\/10\/PROMATIC-3.jpg","contentUrl":"https:\/\/asiaglobalservice.com\/wp-content\/uploads\/2024\/10\/PROMATIC-3.jpg","width":800,"height":800},{"@type":"BreadcrumbList","@id":"https:\/\/asiaglobalservice.com\/index.php\/prodotto\/promatic-serie-3-cod-4512505\/#breadcrumb","itemListElement":[{"@type":"ListItem","position":1,"name":"Home","item":"https:\/\/asiaglobalservice.com\/"},{"@type":"ListItem","position":2,"name":"Shop","item":"https:\/\/asiaglobalservice.com\/index.php\/shop\/"},{"@type":"ListItem","position":3,"name":"PROMATIC serie 3 cod. 4512505"}]},{"@type":"WebSite","@id":"https:\/\/asiaglobalservice.com\/#website","url":"https:\/\/asiaglobalservice.com\/","name":"Asia Global Service","description":"","publisher":{"@id":"https:\/\/asiaglobalservice.com\/#organization"},"potentialAction":[{"@type":"SearchAction","target":{"@type":"EntryPoint","urlTemplate":"https:\/\/asiaglobalservice.com\/?s={search_term_string}"},"query-input":{"@type":"PropertyValueSpecification","valueRequired":true,"valueName":"search_term_string"}}],"inLanguage":"it-IT"},{"@type":"Organization","@id":"https:\/\/asiaglobalservice.com\/#organization","name":"Asia Global Service","url":"https:\/\/asiaglobalservice.com\/","logo":{"@type":"ImageObject","inLanguage":"it-IT","@id":"https:\/\/asiaglobalservice.com\/#\/schema\/logo\/image\/","url":"https:\/\/asiaglobalservice.com\/wp-content\/uploads\/2024\/10\/logo-asia-sfondato.png","contentUrl":"https:\/\/asiaglobalservice.com\/wp-content\/uploads\/2024\/10\/logo-asia-sfondato.png","width":826,"height":278,"caption":"Asia Global Service"},"image":{"@id":"https:\/\/asiaglobalservice.com\/#\/schema\/logo\/image\/"}}]}},"_links":{"self":[{"href":"https:\/\/asiaglobalservice.com\/index.php\/wp-json\/wp\/v2\/product\/10602","targetHints":{"allow":["GET"]}}],"collection":[{"href":"https:\/\/asiaglobalservice.com\/index.php\/wp-json\/wp\/v2\/product"}],"about":[{"href":"https:\/\/asiaglobalservice.com\/index.php\/wp-json\/wp\/v2\/types\/product"}],"wp:featuredmedia":[{"embeddable":true,"href":"https:\/\/asiaglobalservice.com\/index.php\/wp-json\/wp\/v2\/media\/10603"}],"wp:attachment":[{"href":"https:\/\/asiaglobalservice.com\/index.php\/wp-json\/wp\/v2\/media?parent=10602"}],"wp:term":[{"taxonomy":"product_brand","embeddable":true,"href":"https:\/\/asiaglobalservice.com\/index.php\/wp-json\/wp\/v2\/product_brand?post=10602"},{"taxonomy":"product_cat","embeddable":true,"href":"https:\/\/asiaglobalservice.com\/index.php\/wp-json\/wp\/v2\/product_cat?post=10602"},{"taxonomy":"product_tag","embeddable":true,"href":"https:\/\/asiaglobalservice.com\/index.php\/wp-json\/wp\/v2\/product_tag?post=10602"}],"curies":[{"name":"wp","href":"https:\/\/api.w.org\/{rel}","templated":true}]}}