{"id":10750,"date":"2024-10-20T11:46:59","date_gmt":"2024-10-20T10:46:59","guid":{"rendered":"https:\/\/asiaglobalservice.com\/?post_type=product&#038;p=10750"},"modified":"2026-03-25T10:35:28","modified_gmt":"2026-03-25T09:35:28","slug":"ricevente-bluetooth-868mhz-het-s-24-ble-cod-4511847","status":"publish","type":"product","link":"https:\/\/asiaglobalservice.com\/index.php\/prodotto\/ricevente-bluetooth-868mhz-het-s-24-ble-cod-4511847\/","title":{"rendered":"Ricevente Bluetooth 868Mhz HET\/S  24 BLE cod. 4511847"},"content":{"rendered":"<h3>Ricevitore universale H\u00f6rmann HET\/S 24 BLE BlueSecur per trasmettitori 868MHz da esterno con alimentazione a 24Vdc<\/h3>\n<p>Con il ricevitore Bluetooth bidirezionale HET\/S 24 BLE potrete comandare facilmente azionamenti per porte, apriporta elettrici, azionamenti per porte o serrature motorizzate con la relativa app sul vostro smartphone.<\/p>\n<p>Per questo non \u00e8 necessaria una connessione WLAN.<\/p>\n<p>Il vostro telefono cellulare pu\u00f2 comunicare facilmente con il ricevitore e quindi anche con l&#8217;operatore della porta tramite Bluetooth<\/p>\n<p>Ricevitore per centralina di comando di utenze<br \/>\nesterne tramite Bluetooth\u00ae<br \/>\n\u2022 Per il comando (impulso) di motorizzazioni della serie 1 \/ 2 \/ 3 o motorizzazioni di terzi<br \/>\n\u2022 Con 2 rel\u00e8 a potenziale zero<br \/>\n\u2022 Con cavo di collegamento da 7 m, a 4 fili<br \/>\n\u2022 Tipo di protezione: IP 44<br \/>\n\u2022 Range di temperatura: da \u221220 \u00b0C a +40 \u00b0C<br \/>\n\u2022 Tensione d\u2019esercizio:<br \/>\n\u2013 HET\/S 24 BLE: 12 \u2013 24 V DC, 12 V AC<br \/>\n\u2022 Potenza di commutazione:<br \/>\n30 V DC \/ 2,5 A (carico ohmico)<br \/>\n\u2022 Funzione: acceso\/spento, impulso (durata dell\u2019impulso impostabile da 0,5 s a 20 s)<br \/>\n\u2022 Dimensioni (L \u00d7 H \u00d7 P): 110 \u00d7 45 \u00d7 40 mm HET\/S 2 BLE con alimentatore a spina e cavo di<br \/>\ncollegamento da 1 m<\/p>\n<p><strong>Adatta per tutta la serie dei motori HORMANN<\/strong><\/p>","protected":false},"excerpt":{"rendered":"<p>Ricevitore universale H\u00f6rmann HET\/S 24 BLE BlueSecur per trasmettitori 868MHz da esterno con alimentazione a 24Vdc Con il ricevitore Bluetooth<\/p>\n","protected":false},"featured_media":10751,"template":"","meta":{"_joinchat":[]},"product_brand":[315],"product_cat":[137,132,136,138],"product_tag":[268,271],"class_list":{"0":"post-10750","1":"product","2":"type-product","3":"status-publish","4":"has-post-thumbnail","6":"product_brand-hormann","7":"product_cat-basculante-hormann","8":"product_cat-hormann","9":"product_cat-porta-avvolgimento-rapido","10":"product_cat-sezionale","11":"product_tag-accessori-generali","12":"product_tag-motorizzazioni","14":"first","15":"instock","16":"shipping-taxable","17":"purchasable","18":"product-type-simple"},"yoast_head":"<!-- This site is optimized with the Yoast SEO plugin v26.1.1 - https:\/\/yoast.com\/wordpress\/plugins\/seo\/ -->\n<title>Ricevente Bluetooth 868Mhz HET\/S 24 BLE cod. 4511847 - Asia Global Service<\/title>\n<meta name=\"robots\" content=\"index, follow, max-snippet:-1, max-image-preview:large, max-video-preview:-1\" \/>\n<link rel=\"canonical\" href=\"https:\/\/asiaglobalservice.com\/index.php\/prodotto\/ricevente-bluetooth-868mhz-het-s-24-ble-cod-4511847\/\" \/>\n<meta property=\"og:locale\" content=\"it_IT\" \/>\n<meta property=\"og:type\" content=\"article\" \/>\n<meta property=\"og:title\" content=\"Ricevente Bluetooth 868Mhz HET\/S 24 BLE cod. 4511847 - Asia Global Service\" \/>\n<meta property=\"og:description\" content=\"Ricevitore universale H\u00f6rmann HET\/S 24 BLE BlueSecur per trasmettitori 868MHz da esterno con alimentazione a 24Vdc Con il ricevitore Bluetooth\" \/>\n<meta property=\"og:url\" content=\"https:\/\/asiaglobalservice.com\/index.php\/prodotto\/ricevente-bluetooth-868mhz-het-s-24-ble-cod-4511847\/\" \/>\n<meta property=\"og:site_name\" content=\"Asia Global Service\" \/>\n<meta property=\"article:modified_time\" content=\"2026-03-25T09:35:28+00:00\" \/>\n<meta property=\"og:image\" content=\"https:\/\/asiaglobalservice.com\/wp-content\/uploads\/2024\/10\/4511847.webp\" \/>\n\t<meta property=\"og:image:width\" content=\"222\" \/>\n\t<meta property=\"og:image:height\" content=\"234\" \/>\n\t<meta property=\"og:image:type\" content=\"image\/webp\" \/>\n<meta name=\"twitter:card\" content=\"summary_large_image\" \/>\n<meta name=\"twitter:label1\" content=\"Tempo di lettura stimato\" \/>\n\t<meta name=\"twitter:data1\" content=\"2 minuti\" \/>\n<script type=\"application\/ld+json\" class=\"yoast-schema-graph\">{\"@context\":\"https:\/\/schema.org\",\"@graph\":[{\"@type\":\"WebPage\",\"@id\":\"https:\/\/asiaglobalservice.com\/index.php\/prodotto\/ricevente-bluetooth-868mhz-het-s-24-ble-cod-4511847\/\",\"url\":\"https:\/\/asiaglobalservice.com\/index.php\/prodotto\/ricevente-bluetooth-868mhz-het-s-24-ble-cod-4511847\/\",\"name\":\"Ricevente Bluetooth 868Mhz HET\/S 24 BLE cod. 4511847 - Asia Global Service\",\"isPartOf\":{\"@id\":\"https:\/\/asiaglobalservice.com\/#website\"},\"primaryImageOfPage\":{\"@id\":\"https:\/\/asiaglobalservice.com\/index.php\/prodotto\/ricevente-bluetooth-868mhz-het-s-24-ble-cod-4511847\/#primaryimage\"},\"image\":{\"@id\":\"https:\/\/asiaglobalservice.com\/index.php\/prodotto\/ricevente-bluetooth-868mhz-het-s-24-ble-cod-4511847\/#primaryimage\"},\"thumbnailUrl\":\"https:\/\/asiaglobalservice.com\/wp-content\/uploads\/2024\/10\/4511847.webp\",\"datePublished\":\"2024-10-20T10:46:59+00:00\",\"dateModified\":\"2026-03-25T09:35:28+00:00\",\"breadcrumb\":{\"@id\":\"https:\/\/asiaglobalservice.com\/index.php\/prodotto\/ricevente-bluetooth-868mhz-het-s-24-ble-cod-4511847\/#breadcrumb\"},\"inLanguage\":\"it-IT\",\"potentialAction\":[{\"@type\":\"ReadAction\",\"target\":[\"https:\/\/asiaglobalservice.com\/index.php\/prodotto\/ricevente-bluetooth-868mhz-het-s-24-ble-cod-4511847\/\"]}]},{\"@type\":\"ImageObject\",\"inLanguage\":\"it-IT\",\"@id\":\"https:\/\/asiaglobalservice.com\/index.php\/prodotto\/ricevente-bluetooth-868mhz-het-s-24-ble-cod-4511847\/#primaryimage\",\"url\":\"https:\/\/asiaglobalservice.com\/wp-content\/uploads\/2024\/10\/4511847.webp\",\"contentUrl\":\"https:\/\/asiaglobalservice.com\/wp-content\/uploads\/2024\/10\/4511847.webp\",\"width\":222,\"height\":234},{\"@type\":\"BreadcrumbList\",\"@id\":\"https:\/\/asiaglobalservice.com\/index.php\/prodotto\/ricevente-bluetooth-868mhz-het-s-24-ble-cod-4511847\/#breadcrumb\",\"itemListElement\":[{\"@type\":\"ListItem\",\"position\":1,\"name\":\"Home\",\"item\":\"https:\/\/asiaglobalservice.com\/\"},{\"@type\":\"ListItem\",\"position\":2,\"name\":\"Shop\",\"item\":\"https:\/\/asiaglobalservice.com\/index.php\/shop\/\"},{\"@type\":\"ListItem\",\"position\":3,\"name\":\"Ricevente Bluetooth 868Mhz HET\/S 24 BLE cod. 4511847\"}]},{\"@type\":\"WebSite\",\"@id\":\"https:\/\/asiaglobalservice.com\/#website\",\"url\":\"https:\/\/asiaglobalservice.com\/\",\"name\":\"Asia Global Service\",\"description\":\"\",\"publisher\":{\"@id\":\"https:\/\/asiaglobalservice.com\/#organization\"},\"potentialAction\":[{\"@type\":\"SearchAction\",\"target\":{\"@type\":\"EntryPoint\",\"urlTemplate\":\"https:\/\/asiaglobalservice.com\/?s={search_term_string}\"},\"query-input\":{\"@type\":\"PropertyValueSpecification\",\"valueRequired\":true,\"valueName\":\"search_term_string\"}}],\"inLanguage\":\"it-IT\"},{\"@type\":\"Organization\",\"@id\":\"https:\/\/asiaglobalservice.com\/#organization\",\"name\":\"Asia Global Service\",\"url\":\"https:\/\/asiaglobalservice.com\/\",\"logo\":{\"@type\":\"ImageObject\",\"inLanguage\":\"it-IT\",\"@id\":\"https:\/\/asiaglobalservice.com\/#\/schema\/logo\/image\/\",\"url\":\"https:\/\/asiaglobalservice.com\/wp-content\/uploads\/2024\/10\/logo-asia-sfondato.png\",\"contentUrl\":\"https:\/\/asiaglobalservice.com\/wp-content\/uploads\/2024\/10\/logo-asia-sfondato.png\",\"width\":826,\"height\":278,\"caption\":\"Asia Global Service\"},\"image\":{\"@id\":\"https:\/\/asiaglobalservice.com\/#\/schema\/logo\/image\/\"}}]}<\/script>\n<!-- \/ Yoast SEO plugin. -->","yoast_head_json":{"title":"Ricevente Bluetooth 868Mhz HET\/S 24 BLE cod. 4511847 - Asia Global Service","robots":{"index":"index","follow":"follow","max-snippet":"max-snippet:-1","max-image-preview":"max-image-preview:large","max-video-preview":"max-video-preview:-1"},"canonical":"https:\/\/asiaglobalservice.com\/index.php\/prodotto\/ricevente-bluetooth-868mhz-het-s-24-ble-cod-4511847\/","og_locale":"it_IT","og_type":"article","og_title":"Ricevente Bluetooth 868Mhz HET\/S 24 BLE cod. 4511847 - Asia Global Service","og_description":"Ricevitore universale H\u00f6rmann HET\/S 24 BLE BlueSecur per trasmettitori 868MHz da esterno con alimentazione a 24Vdc Con il ricevitore Bluetooth","og_url":"https:\/\/asiaglobalservice.com\/index.php\/prodotto\/ricevente-bluetooth-868mhz-het-s-24-ble-cod-4511847\/","og_site_name":"Asia Global Service","article_modified_time":"2026-03-25T09:35:28+00:00","og_image":[{"width":222,"height":234,"url":"https:\/\/asiaglobalservice.com\/wp-content\/uploads\/2024\/10\/4511847.webp","type":"image\/webp"}],"twitter_card":"summary_large_image","twitter_misc":{"Tempo di lettura stimato":"2 minuti"},"schema":{"@context":"https:\/\/schema.org","@graph":[{"@type":"WebPage","@id":"https:\/\/asiaglobalservice.com\/index.php\/prodotto\/ricevente-bluetooth-868mhz-het-s-24-ble-cod-4511847\/","url":"https:\/\/asiaglobalservice.com\/index.php\/prodotto\/ricevente-bluetooth-868mhz-het-s-24-ble-cod-4511847\/","name":"Ricevente Bluetooth 868Mhz HET\/S 24 BLE cod. 4511847 - Asia Global Service","isPartOf":{"@id":"https:\/\/asiaglobalservice.com\/#website"},"primaryImageOfPage":{"@id":"https:\/\/asiaglobalservice.com\/index.php\/prodotto\/ricevente-bluetooth-868mhz-het-s-24-ble-cod-4511847\/#primaryimage"},"image":{"@id":"https:\/\/asiaglobalservice.com\/index.php\/prodotto\/ricevente-bluetooth-868mhz-het-s-24-ble-cod-4511847\/#primaryimage"},"thumbnailUrl":"https:\/\/asiaglobalservice.com\/wp-content\/uploads\/2024\/10\/4511847.webp","datePublished":"2024-10-20T10:46:59+00:00","dateModified":"2026-03-25T09:35:28+00:00","breadcrumb":{"@id":"https:\/\/asiaglobalservice.com\/index.php\/prodotto\/ricevente-bluetooth-868mhz-het-s-24-ble-cod-4511847\/#breadcrumb"},"inLanguage":"it-IT","potentialAction":[{"@type":"ReadAction","target":["https:\/\/asiaglobalservice.com\/index.php\/prodotto\/ricevente-bluetooth-868mhz-het-s-24-ble-cod-4511847\/"]}]},{"@type":"ImageObject","inLanguage":"it-IT","@id":"https:\/\/asiaglobalservice.com\/index.php\/prodotto\/ricevente-bluetooth-868mhz-het-s-24-ble-cod-4511847\/#primaryimage","url":"https:\/\/asiaglobalservice.com\/wp-content\/uploads\/2024\/10\/4511847.webp","contentUrl":"https:\/\/asiaglobalservice.com\/wp-content\/uploads\/2024\/10\/4511847.webp","width":222,"height":234},{"@type":"BreadcrumbList","@id":"https:\/\/asiaglobalservice.com\/index.php\/prodotto\/ricevente-bluetooth-868mhz-het-s-24-ble-cod-4511847\/#breadcrumb","itemListElement":[{"@type":"ListItem","position":1,"name":"Home","item":"https:\/\/asiaglobalservice.com\/"},{"@type":"ListItem","position":2,"name":"Shop","item":"https:\/\/asiaglobalservice.com\/index.php\/shop\/"},{"@type":"ListItem","position":3,"name":"Ricevente Bluetooth 868Mhz HET\/S 24 BLE cod. 4511847"}]},{"@type":"WebSite","@id":"https:\/\/asiaglobalservice.com\/#website","url":"https:\/\/asiaglobalservice.com\/","name":"Asia Global Service","description":"","publisher":{"@id":"https:\/\/asiaglobalservice.com\/#organization"},"potentialAction":[{"@type":"SearchAction","target":{"@type":"EntryPoint","urlTemplate":"https:\/\/asiaglobalservice.com\/?s={search_term_string}"},"query-input":{"@type":"PropertyValueSpecification","valueRequired":true,"valueName":"search_term_string"}}],"inLanguage":"it-IT"},{"@type":"Organization","@id":"https:\/\/asiaglobalservice.com\/#organization","name":"Asia Global Service","url":"https:\/\/asiaglobalservice.com\/","logo":{"@type":"ImageObject","inLanguage":"it-IT","@id":"https:\/\/asiaglobalservice.com\/#\/schema\/logo\/image\/","url":"https:\/\/asiaglobalservice.com\/wp-content\/uploads\/2024\/10\/logo-asia-sfondato.png","contentUrl":"https:\/\/asiaglobalservice.com\/wp-content\/uploads\/2024\/10\/logo-asia-sfondato.png","width":826,"height":278,"caption":"Asia Global Service"},"image":{"@id":"https:\/\/asiaglobalservice.com\/#\/schema\/logo\/image\/"}}]}},"_links":{"self":[{"href":"https:\/\/asiaglobalservice.com\/index.php\/wp-json\/wp\/v2\/product\/10750","targetHints":{"allow":["GET"]}}],"collection":[{"href":"https:\/\/asiaglobalservice.com\/index.php\/wp-json\/wp\/v2\/product"}],"about":[{"href":"https:\/\/asiaglobalservice.com\/index.php\/wp-json\/wp\/v2\/types\/product"}],"wp:featuredmedia":[{"embeddable":true,"href":"https:\/\/asiaglobalservice.com\/index.php\/wp-json\/wp\/v2\/media\/10751"}],"wp:attachment":[{"href":"https:\/\/asiaglobalservice.com\/index.php\/wp-json\/wp\/v2\/media?parent=10750"}],"wp:term":[{"taxonomy":"product_brand","embeddable":true,"href":"https:\/\/asiaglobalservice.com\/index.php\/wp-json\/wp\/v2\/product_brand?post=10750"},{"taxonomy":"product_cat","embeddable":true,"href":"https:\/\/asiaglobalservice.com\/index.php\/wp-json\/wp\/v2\/product_cat?post=10750"},{"taxonomy":"product_tag","embeddable":true,"href":"https:\/\/asiaglobalservice.com\/index.php\/wp-json\/wp\/v2\/product_tag?post=10750"}],"curies":[{"name":"wp","href":"https:\/\/api.w.org\/{rel}","templated":true}]}}