{"id":10840,"date":"2024-11-01T08:43:35","date_gmt":"2024-11-01T07:43:35","guid":{"rendered":"https:\/\/asiaglobalservice.com\/?post_type=product&#038;p=10840"},"modified":"2026-03-25T10:34:37","modified_gmt":"2026-03-25T09:34:37","slug":"as-rx-universal","status":"publish","type":"product","link":"https:\/\/asiaglobalservice.com\/index.php\/prodotto\/as-rx-universal\/","title":{"rendered":"AS-RX-UNIVERSAL"},"content":{"rendered":"<div class=\"detailmodule_text\">\n<p id=\"tl_1\" class=\"detail-desc-decorate-title\" data-spm-anchor-id=\"a2g0o.detail.1000023.i2.10a5VqaxVqax0X\"><span style=\"font-family: arial, helvetica, sans-serif;font-size: 10pt\">Ricevitore universale per porta, cancello, o altri serramenti automatizzati, del tipo multifrequenza 300-868mhz.<\/span><\/p>\n<\/div>\n<div class=\"detailmodule_text\">\n<p id=\"tl_2\" class=\"detail-desc-decorate-title\"><span style=\"font-size: 10pt;font-family: arial, helvetica, sans-serif\">Frequenza di lavoro: 300-900MHz(Rolling code e codice fisso)<\/span><\/p>\n<p id=\"tl_3\" class=\"detail-desc-decorate-content\"><span style=\"font-size: 10pt;font-family: arial, helvetica, sans-serif\">300MHz-310MHz-315MHz-318MHz-390MHz-433.4MHz-433MHz-433.92MHz-868MHz-868.3MHz-868.8MHz <\/span><\/p>\n<p><span style=\"font-size: 10pt;font-family: arial, helvetica, sans-serif\">Pu\u00f2 identificare tutti i codici fissi (2262, 2260, 2264, 5326, M1E, M5E e cos\u00ec via). Tutti i codici di apprendimento (1527, 2240, 6 p20b, 6 p20d e cos\u00ec via), Rolling code (HCS301, HCS300,HCS200, HCS201, HCS100, HCS101), <\/span><\/p>\n<p><span style=\"font-size: 10pt;font-family: arial, helvetica, sans-serif\">Alcuni telecomandi di marca (per ATA PTX4, APRIMATIC, ALLMATIC, BENINCA, DEA, ECOSTAR, ERREKA, FOX, GIBIDI, HORMANN Blue button, NOVOFERM, PUJOL, SEAV, SOMMER, VDS &#8230;.)<\/span><\/p>\n<\/div>\n<div class=\"detailmodule_text\"><span style=\"font-size: 10pt;font-family: arial, helvetica, sans-serif\">Specifiche:<\/span><\/div>\n<div class=\"detailmodule_text\">\n<ol>\n<li id=\"tl_5\" class=\"detail-desc-decorate-content\"><span style=\"font-size: 10pt;font-family: arial, helvetica, sans-serif\">tensione di esercizio: 9V-30V AC 85-250V<\/span><\/li>\n<li class=\"detail-desc-decorate-content\"><span style=\"font-size: 10pt;font-family: arial, helvetica, sans-serif\">canale: 2 programmabili<\/span><\/li>\n<li class=\"detail-desc-decorate-content\"><span style=\"font-size: 10pt;font-family: arial, helvetica, sans-serif\">frequenza: 300MHz &#8211; 900MHz.<\/span><\/li>\n<li class=\"detail-desc-decorate-content\"><span style=\"font-size: 10pt;font-family: arial, helvetica, sans-serif\">distanza: 30-50 metri molto dipende dalle condizioni atmosferiche e visibilit\u00e0 tra RX e TX.<\/span><\/li>\n<li class=\"detail-desc-decorate-content\"><span style=\"font-size: 10pt;font-family: arial, helvetica, sans-serif\">dimensioni : 5.5cm * 4.5cm * 1.0cm.<\/span><\/li>\n<li class=\"detail-desc-decorate-content\"><span style=\"font-size: 10pt;font-family: arial, helvetica, sans-serif\">un ricevitore pu\u00f2 funzionare con 400 codici.<\/span><\/li>\n<li class=\"detail-desc-decorate-content\"><span style=\"font-size: 10pt;font-family: arial, helvetica, sans-serif\">non interferisce con altri telecomandi e ricevitori.<\/span><\/li>\n<li class=\"detail-desc-decorate-content\"><span style=\"font-size: 10pt;font-family: arial, helvetica, sans-serif\">8 interruttori dip l&#8217;utente pu\u00f2 creare una combinazione diversa per diverse marche remote.<\/span><\/li>\n<li class=\"detail-desc-decorate-content\"><span style=\"font-size: 10pt;font-family: arial, helvetica, sans-serif\">Rolling e codice fisso e codice di apprendimento.<\/span><\/li>\n<li class=\"detail-desc-decorate-content\"><span style=\"font-size: 10pt;font-family: arial, helvetica, sans-serif\">il ricevitore \u00e8 progettato per controllare qualsiasi sistema di automazione del cancello, sistema di allarme antifurto, porte elettriche, finestre, attrezzature di sollevamento, gateway, dispositivi di sollevamento. Questo \u00e8 facile da programmare ed usare, di bell&#8217;aspetto, a basso consumo energetico ed \u00e8 facile da collegare al sistema esistente.<\/span><\/li>\n<li class=\"detail-desc-decorate-content\"><span style=\"font-size: 10pt;font-family: arial, helvetica, sans-serif\">il ricevitore pu\u00f2 funzionare a tensione AC\/DC 9V ~ 30V. \u00c8 meglio cambiare il PIS in base all&#8217;ingresso di alimentazione. Se l&#8217;ingresso \u00e8 ottimo rispetto a 24V, accorcia il pin 2 e 3; Accorcia 1 e 2 se l&#8217;ingresso \u00e8 inferiore a 24V.<\/span><\/li>\n<\/ol>\n<\/div>\n<div class=\"detailmodule_text\">\n<p id=\"tl_6\" class=\"detail-desc-decorate-title\"><span style=\"font-size: 10pt;font-family: arial, helvetica, sans-serif\"><strong>Come si programma il telecomando AS-RX-UNIVERSAL\u00a0<\/strong><\/span><\/p>\n<p id=\"tl_7\" class=\"detail-desc-decorate-content\" data-spm-anchor-id=\"a2g0o.detail.1000023.i3.10a5VqaxVqax0X\"><span style=\"font-size: 10pt;font-family: arial, helvetica, sans-serif\">1) seleziona il marchio corretto per il telecomando da programmato tramite interruttori dip in movimento su o gi\u00f9. Ad esempio telecomandi Marantec 433,92Mhz, basta spostare Dip-switch 7 in su. <\/span><br \/>\n<span style=\"font-size: 10pt;font-family: arial, helvetica, sans-serif\">2) premere il pulsante di apprendimento. Il LED will si accende. <\/span><br \/>\n<span style=\"font-size: 10pt;font-family: arial, helvetica, sans-serif\">3) premere il pulsante sul telecomando, il LED lampeggia 4 volte. Significa che il telecomando \u00e8 stato programmato con successo. <\/span><br \/>\n<span style=\"font-size: 10pt;font-family: arial, helvetica, sans-serif\">4) ripeti il passaggio 2 per un altro pulsante. <\/span><br \/>\n<span style=\"font-size: 10pt;font-family: arial, helvetica, sans-serif\">5) la procedura di programmazione del canale 2-nd \u00e8 la stessa. <\/span><\/p>\n<p><span style=\"font-size: 10pt;font-family: arial, helvetica, sans-serif\"><strong>N.B: Per cancellare tutti i dati dalla scheda di memoria<\/strong>: premi e tieni premuto o impara il pulsante. Il LED avvia il flash. Mantieni premuto questo pulsante, fino allo spegnimento del LED. Tutti i dati conservati nella scheda di memoria vengono rimossi in modo permanente e non possono essere recuperati<\/span><\/p>\n<\/div>","protected":false},"excerpt":{"rendered":"<p>IVA COMPRESA<\/p>\n","protected":false},"featured_media":10841,"template":"","meta":{"_joinchat":[]},"product_brand":[313],"product_cat":[107,122,111,108,112,113,119,129,115,131,123,118,114,130,128,121,120],"product_tag":[268,271],"class_list":{"0":"post-10840","1":"product","2":"type-product","3":"status-publish","4":"has-post-thumbnail","6":"product_brand-cesari-industrie","7":"product_cat-automazioni","8":"product_cat-bagno-dolio","9":"product_cat-barriere-stradali","10":"product_cat-basculante","11":"product_cat-cancelli-ad-ante","12":"product_cat-cancelli-scorrevoli","13":"product_cat-elettromeccaniche","14":"product_cat-elettromeccanici-operatori-interrati","15":"product_cat-elettromeccanici","16":"product_cat-elettromeccanici-operatori-a-bracci","17":"product_cat-elettromeccanici-cancelli-scorrevoli","18":"product_cat-oleodinamiche","19":"product_cat-oleodinamici","20":"product_cat-oleodinamici-operatori-a-bracci","21":"product_cat-oleodinamici-operatori-interrati","22":"product_cat-operatori-a-bracci","23":"product_cat-operatori-interrati","24":"product_tag-accessori-generali","25":"product_tag-motorizzazioni","27":"first","28":"instock","29":"shipping-taxable","30":"purchasable","31":"product-type-simple"},"yoast_head":"<!-- This site is optimized with the Yoast SEO plugin v26.1.1 - https:\/\/yoast.com\/wordpress\/plugins\/seo\/ -->\n<title>AS-RX-UNIVERSAL - Asia Global Service<\/title>\n<meta name=\"robots\" content=\"index, follow, max-snippet:-1, max-image-preview:large, max-video-preview:-1\" \/>\n<link rel=\"canonical\" href=\"https:\/\/asiaglobalservice.com\/index.php\/prodotto\/as-rx-universal\/\" \/>\n<meta property=\"og:locale\" content=\"it_IT\" \/>\n<meta property=\"og:type\" content=\"article\" \/>\n<meta property=\"og:title\" content=\"AS-RX-UNIVERSAL - Asia Global Service\" \/>\n<meta property=\"og:description\" content=\"IVA COMPRESA\" \/>\n<meta property=\"og:url\" content=\"https:\/\/asiaglobalservice.com\/index.php\/prodotto\/as-rx-universal\/\" \/>\n<meta property=\"og:site_name\" content=\"Asia Global Service\" \/>\n<meta property=\"article:modified_time\" content=\"2026-03-25T09:34:37+00:00\" \/>\n<meta property=\"og:image\" content=\"https:\/\/asiaglobalservice.com\/wp-content\/uploads\/2024\/11\/cde7b9c5ae6e5f40ff0b42a3ba7015dd1.webp\" \/>\n\t<meta property=\"og:image:width\" content=\"800\" \/>\n\t<meta property=\"og:image:height\" content=\"800\" \/>\n\t<meta property=\"og:image:type\" content=\"image\/webp\" \/>\n<meta name=\"twitter:card\" content=\"summary_large_image\" \/>\n<meta name=\"twitter:label1\" content=\"Tempo di lettura stimato\" \/>\n\t<meta name=\"twitter:data1\" content=\"3 minuti\" \/>\n<script type=\"application\/ld+json\" class=\"yoast-schema-graph\">{\"@context\":\"https:\/\/schema.org\",\"@graph\":[{\"@type\":\"WebPage\",\"@id\":\"https:\/\/asiaglobalservice.com\/index.php\/prodotto\/as-rx-universal\/\",\"url\":\"https:\/\/asiaglobalservice.com\/index.php\/prodotto\/as-rx-universal\/\",\"name\":\"AS-RX-UNIVERSAL - Asia Global Service\",\"isPartOf\":{\"@id\":\"https:\/\/asiaglobalservice.com\/#website\"},\"primaryImageOfPage\":{\"@id\":\"https:\/\/asiaglobalservice.com\/index.php\/prodotto\/as-rx-universal\/#primaryimage\"},\"image\":{\"@id\":\"https:\/\/asiaglobalservice.com\/index.php\/prodotto\/as-rx-universal\/#primaryimage\"},\"thumbnailUrl\":\"https:\/\/asiaglobalservice.com\/wp-content\/uploads\/2024\/11\/cde7b9c5ae6e5f40ff0b42a3ba7015dd1.webp\",\"datePublished\":\"2024-11-01T07:43:35+00:00\",\"dateModified\":\"2026-03-25T09:34:37+00:00\",\"breadcrumb\":{\"@id\":\"https:\/\/asiaglobalservice.com\/index.php\/prodotto\/as-rx-universal\/#breadcrumb\"},\"inLanguage\":\"it-IT\",\"potentialAction\":[{\"@type\":\"ReadAction\",\"target\":[\"https:\/\/asiaglobalservice.com\/index.php\/prodotto\/as-rx-universal\/\"]}]},{\"@type\":\"ImageObject\",\"inLanguage\":\"it-IT\",\"@id\":\"https:\/\/asiaglobalservice.com\/index.php\/prodotto\/as-rx-universal\/#primaryimage\",\"url\":\"https:\/\/asiaglobalservice.com\/wp-content\/uploads\/2024\/11\/cde7b9c5ae6e5f40ff0b42a3ba7015dd1.webp\",\"contentUrl\":\"https:\/\/asiaglobalservice.com\/wp-content\/uploads\/2024\/11\/cde7b9c5ae6e5f40ff0b42a3ba7015dd1.webp\",\"width\":800,\"height\":800},{\"@type\":\"BreadcrumbList\",\"@id\":\"https:\/\/asiaglobalservice.com\/index.php\/prodotto\/as-rx-universal\/#breadcrumb\",\"itemListElement\":[{\"@type\":\"ListItem\",\"position\":1,\"name\":\"Home\",\"item\":\"https:\/\/asiaglobalservice.com\/\"},{\"@type\":\"ListItem\",\"position\":2,\"name\":\"Shop\",\"item\":\"https:\/\/asiaglobalservice.com\/index.php\/shop\/\"},{\"@type\":\"ListItem\",\"position\":3,\"name\":\"AS-RX-UNIVERSAL\"}]},{\"@type\":\"WebSite\",\"@id\":\"https:\/\/asiaglobalservice.com\/#website\",\"url\":\"https:\/\/asiaglobalservice.com\/\",\"name\":\"Asia Global Service\",\"description\":\"\",\"publisher\":{\"@id\":\"https:\/\/asiaglobalservice.com\/#organization\"},\"potentialAction\":[{\"@type\":\"SearchAction\",\"target\":{\"@type\":\"EntryPoint\",\"urlTemplate\":\"https:\/\/asiaglobalservice.com\/?s={search_term_string}\"},\"query-input\":{\"@type\":\"PropertyValueSpecification\",\"valueRequired\":true,\"valueName\":\"search_term_string\"}}],\"inLanguage\":\"it-IT\"},{\"@type\":\"Organization\",\"@id\":\"https:\/\/asiaglobalservice.com\/#organization\",\"name\":\"Asia Global Service\",\"url\":\"https:\/\/asiaglobalservice.com\/\",\"logo\":{\"@type\":\"ImageObject\",\"inLanguage\":\"it-IT\",\"@id\":\"https:\/\/asiaglobalservice.com\/#\/schema\/logo\/image\/\",\"url\":\"https:\/\/asiaglobalservice.com\/wp-content\/uploads\/2024\/10\/logo-asia-sfondato.png\",\"contentUrl\":\"https:\/\/asiaglobalservice.com\/wp-content\/uploads\/2024\/10\/logo-asia-sfondato.png\",\"width\":826,\"height\":278,\"caption\":\"Asia Global Service\"},\"image\":{\"@id\":\"https:\/\/asiaglobalservice.com\/#\/schema\/logo\/image\/\"}}]}<\/script>\n<!-- \/ Yoast SEO plugin. -->","yoast_head_json":{"title":"AS-RX-UNIVERSAL - Asia Global Service","robots":{"index":"index","follow":"follow","max-snippet":"max-snippet:-1","max-image-preview":"max-image-preview:large","max-video-preview":"max-video-preview:-1"},"canonical":"https:\/\/asiaglobalservice.com\/index.php\/prodotto\/as-rx-universal\/","og_locale":"it_IT","og_type":"article","og_title":"AS-RX-UNIVERSAL - Asia Global Service","og_description":"IVA COMPRESA","og_url":"https:\/\/asiaglobalservice.com\/index.php\/prodotto\/as-rx-universal\/","og_site_name":"Asia Global Service","article_modified_time":"2026-03-25T09:34:37+00:00","og_image":[{"width":800,"height":800,"url":"https:\/\/asiaglobalservice.com\/wp-content\/uploads\/2024\/11\/cde7b9c5ae6e5f40ff0b42a3ba7015dd1.webp","type":"image\/webp"}],"twitter_card":"summary_large_image","twitter_misc":{"Tempo di lettura stimato":"3 minuti"},"schema":{"@context":"https:\/\/schema.org","@graph":[{"@type":"WebPage","@id":"https:\/\/asiaglobalservice.com\/index.php\/prodotto\/as-rx-universal\/","url":"https:\/\/asiaglobalservice.com\/index.php\/prodotto\/as-rx-universal\/","name":"AS-RX-UNIVERSAL - Asia Global Service","isPartOf":{"@id":"https:\/\/asiaglobalservice.com\/#website"},"primaryImageOfPage":{"@id":"https:\/\/asiaglobalservice.com\/index.php\/prodotto\/as-rx-universal\/#primaryimage"},"image":{"@id":"https:\/\/asiaglobalservice.com\/index.php\/prodotto\/as-rx-universal\/#primaryimage"},"thumbnailUrl":"https:\/\/asiaglobalservice.com\/wp-content\/uploads\/2024\/11\/cde7b9c5ae6e5f40ff0b42a3ba7015dd1.webp","datePublished":"2024-11-01T07:43:35+00:00","dateModified":"2026-03-25T09:34:37+00:00","breadcrumb":{"@id":"https:\/\/asiaglobalservice.com\/index.php\/prodotto\/as-rx-universal\/#breadcrumb"},"inLanguage":"it-IT","potentialAction":[{"@type":"ReadAction","target":["https:\/\/asiaglobalservice.com\/index.php\/prodotto\/as-rx-universal\/"]}]},{"@type":"ImageObject","inLanguage":"it-IT","@id":"https:\/\/asiaglobalservice.com\/index.php\/prodotto\/as-rx-universal\/#primaryimage","url":"https:\/\/asiaglobalservice.com\/wp-content\/uploads\/2024\/11\/cde7b9c5ae6e5f40ff0b42a3ba7015dd1.webp","contentUrl":"https:\/\/asiaglobalservice.com\/wp-content\/uploads\/2024\/11\/cde7b9c5ae6e5f40ff0b42a3ba7015dd1.webp","width":800,"height":800},{"@type":"BreadcrumbList","@id":"https:\/\/asiaglobalservice.com\/index.php\/prodotto\/as-rx-universal\/#breadcrumb","itemListElement":[{"@type":"ListItem","position":1,"name":"Home","item":"https:\/\/asiaglobalservice.com\/"},{"@type":"ListItem","position":2,"name":"Shop","item":"https:\/\/asiaglobalservice.com\/index.php\/shop\/"},{"@type":"ListItem","position":3,"name":"AS-RX-UNIVERSAL"}]},{"@type":"WebSite","@id":"https:\/\/asiaglobalservice.com\/#website","url":"https:\/\/asiaglobalservice.com\/","name":"Asia Global Service","description":"","publisher":{"@id":"https:\/\/asiaglobalservice.com\/#organization"},"potentialAction":[{"@type":"SearchAction","target":{"@type":"EntryPoint","urlTemplate":"https:\/\/asiaglobalservice.com\/?s={search_term_string}"},"query-input":{"@type":"PropertyValueSpecification","valueRequired":true,"valueName":"search_term_string"}}],"inLanguage":"it-IT"},{"@type":"Organization","@id":"https:\/\/asiaglobalservice.com\/#organization","name":"Asia Global Service","url":"https:\/\/asiaglobalservice.com\/","logo":{"@type":"ImageObject","inLanguage":"it-IT","@id":"https:\/\/asiaglobalservice.com\/#\/schema\/logo\/image\/","url":"https:\/\/asiaglobalservice.com\/wp-content\/uploads\/2024\/10\/logo-asia-sfondato.png","contentUrl":"https:\/\/asiaglobalservice.com\/wp-content\/uploads\/2024\/10\/logo-asia-sfondato.png","width":826,"height":278,"caption":"Asia Global Service"},"image":{"@id":"https:\/\/asiaglobalservice.com\/#\/schema\/logo\/image\/"}}]}},"_links":{"self":[{"href":"https:\/\/asiaglobalservice.com\/index.php\/wp-json\/wp\/v2\/product\/10840","targetHints":{"allow":["GET"]}}],"collection":[{"href":"https:\/\/asiaglobalservice.com\/index.php\/wp-json\/wp\/v2\/product"}],"about":[{"href":"https:\/\/asiaglobalservice.com\/index.php\/wp-json\/wp\/v2\/types\/product"}],"wp:featuredmedia":[{"embeddable":true,"href":"https:\/\/asiaglobalservice.com\/index.php\/wp-json\/wp\/v2\/media\/10841"}],"wp:attachment":[{"href":"https:\/\/asiaglobalservice.com\/index.php\/wp-json\/wp\/v2\/media?parent=10840"}],"wp:term":[{"taxonomy":"product_brand","embeddable":true,"href":"https:\/\/asiaglobalservice.com\/index.php\/wp-json\/wp\/v2\/product_brand?post=10840"},{"taxonomy":"product_cat","embeddable":true,"href":"https:\/\/asiaglobalservice.com\/index.php\/wp-json\/wp\/v2\/product_cat?post=10840"},{"taxonomy":"product_tag","embeddable":true,"href":"https:\/\/asiaglobalservice.com\/index.php\/wp-json\/wp\/v2\/product_tag?post=10840"}],"curies":[{"name":"wp","href":"https:\/\/api.w.org\/{rel}","templated":true}]}}