{"id":10942,"date":"2024-11-08T10:31:51","date_gmt":"2024-11-08T09:31:51","guid":{"rendered":"https:\/\/asiaglobalservice.com\/?post_type=product&#038;p=10942"},"modified":"2026-02-20T11:39:54","modified_gmt":"2026-02-20T10:39:54","slug":"ricevitore-a-2-canali-het-s-2-bs","status":"publish","type":"product","link":"https:\/\/asiaglobalservice.com\/index.php\/prodotto\/ricevitore-a-2-canali-het-s-2-bs\/","title":{"rendered":"Ricevitore a 2 canali HET\/S 2 BS"},"content":{"rendered":"<p>Ricevitore a 2 canali 868 MHz BiSecur<\/p>\n<p>\u2022 Per accendere e spegnere la luce o per il<br \/>\ncomando (impulso) di motorizzazioni di terzi<br \/>\n\u2022 Con 2 rel\u00e8 a potenziale zero<br \/>\n\u2022 Tipo di protezione: IP 44<br \/>\n\u2022 Range di temperatura: da \u221220 \u00b0C a +40 \u00b0C<br \/>\n\u2022 Tensione d\u2019esercizio:<br \/>\n\u2013 HET\/S 2 BS: 230 \u2013 240 V AC<br \/>\n\u2022 Potenza di commutazione:<br \/>\n\u2013 30 V DC \/ 2,5 A (carico ohmico)<br \/>\n\u2013 250 V AC \/ 500 W (carico ohmico)<br \/>\n\u2022 Funzione: acceso \/ spento, impulso (0,5 s), riscontro di stato del rel\u00e8<br \/>\n\u2022 Dimensioni (L \u00d7 H \u00d7 P): 110 \u00d7 45 \u00d7 40 mm<br \/>\nHET \/ S 2 BS con alimentatore a spina e cavo di collegamento da 1 m<\/p>","protected":false},"excerpt":{"rendered":"<p>PREZZO IVA INCLUSA<\/p>\n","protected":false},"featured_media":10943,"template":"","meta":{"_joinchat":[]},"product_brand":[315],"product_cat":[137,132,138],"product_tag":[268,271],"class_list":{"0":"post-10942","1":"product","2":"type-product","3":"status-publish","4":"has-post-thumbnail","6":"product_brand-hormann","7":"product_cat-basculante-hormann","8":"product_cat-hormann","9":"product_cat-sezionale","10":"product_tag-accessori-generali","11":"product_tag-motorizzazioni","13":"first","14":"instock","15":"shipping-taxable","16":"purchasable","17":"product-type-simple"},"yoast_head":"<!-- This site is optimized with the Yoast SEO plugin v26.1.1 - https:\/\/yoast.com\/wordpress\/plugins\/seo\/ -->\n<title>Ricevitore a 2 canali HET\/S 2 BS - Asia Global Service<\/title>\n<meta name=\"robots\" content=\"index, follow, max-snippet:-1, max-image-preview:large, max-video-preview:-1\" \/>\n<link rel=\"canonical\" href=\"https:\/\/asiaglobalservice.com\/index.php\/prodotto\/ricevitore-a-2-canali-het-s-2-bs\/\" \/>\n<meta property=\"og:locale\" content=\"it_IT\" \/>\n<meta property=\"og:type\" content=\"article\" \/>\n<meta property=\"og:title\" content=\"Ricevitore a 2 canali HET\/S 2 BS - Asia Global Service\" \/>\n<meta property=\"og:description\" content=\"PREZZO IVA INCLUSA\" \/>\n<meta property=\"og:url\" content=\"https:\/\/asiaglobalservice.com\/index.php\/prodotto\/ricevitore-a-2-canali-het-s-2-bs\/\" \/>\n<meta property=\"og:site_name\" content=\"Asia Global Service\" \/>\n<meta property=\"article:modified_time\" content=\"2026-02-20T10:39:54+00:00\" \/>\n<meta property=\"og:image\" content=\"https:\/\/asiaglobalservice.com\/wp-content\/uploads\/2024\/11\/436728.png\" \/>\n\t<meta property=\"og:image:width\" content=\"525\" \/>\n\t<meta property=\"og:image:height\" content=\"540\" \/>\n\t<meta property=\"og:image:type\" content=\"image\/png\" \/>\n<meta name=\"twitter:card\" content=\"summary_large_image\" \/>\n<meta name=\"twitter:label1\" content=\"Tempo di lettura stimato\" \/>\n\t<meta name=\"twitter:data1\" content=\"1 minuto\" \/>\n<script type=\"application\/ld+json\" class=\"yoast-schema-graph\">{\"@context\":\"https:\/\/schema.org\",\"@graph\":[{\"@type\":\"WebPage\",\"@id\":\"https:\/\/asiaglobalservice.com\/index.php\/prodotto\/ricevitore-a-2-canali-het-s-2-bs\/\",\"url\":\"https:\/\/asiaglobalservice.com\/index.php\/prodotto\/ricevitore-a-2-canali-het-s-2-bs\/\",\"name\":\"Ricevitore a 2 canali HET\/S 2 BS - Asia Global Service\",\"isPartOf\":{\"@id\":\"https:\/\/asiaglobalservice.com\/#website\"},\"primaryImageOfPage\":{\"@id\":\"https:\/\/asiaglobalservice.com\/index.php\/prodotto\/ricevitore-a-2-canali-het-s-2-bs\/#primaryimage\"},\"image\":{\"@id\":\"https:\/\/asiaglobalservice.com\/index.php\/prodotto\/ricevitore-a-2-canali-het-s-2-bs\/#primaryimage\"},\"thumbnailUrl\":\"https:\/\/asiaglobalservice.com\/wp-content\/uploads\/2024\/11\/436728.png\",\"datePublished\":\"2024-11-08T09:31:51+00:00\",\"dateModified\":\"2026-02-20T10:39:54+00:00\",\"breadcrumb\":{\"@id\":\"https:\/\/asiaglobalservice.com\/index.php\/prodotto\/ricevitore-a-2-canali-het-s-2-bs\/#breadcrumb\"},\"inLanguage\":\"it-IT\",\"potentialAction\":[{\"@type\":\"ReadAction\",\"target\":[\"https:\/\/asiaglobalservice.com\/index.php\/prodotto\/ricevitore-a-2-canali-het-s-2-bs\/\"]}]},{\"@type\":\"ImageObject\",\"inLanguage\":\"it-IT\",\"@id\":\"https:\/\/asiaglobalservice.com\/index.php\/prodotto\/ricevitore-a-2-canali-het-s-2-bs\/#primaryimage\",\"url\":\"https:\/\/asiaglobalservice.com\/wp-content\/uploads\/2024\/11\/436728.png\",\"contentUrl\":\"https:\/\/asiaglobalservice.com\/wp-content\/uploads\/2024\/11\/436728.png\",\"width\":525,\"height\":540},{\"@type\":\"BreadcrumbList\",\"@id\":\"https:\/\/asiaglobalservice.com\/index.php\/prodotto\/ricevitore-a-2-canali-het-s-2-bs\/#breadcrumb\",\"itemListElement\":[{\"@type\":\"ListItem\",\"position\":1,\"name\":\"Home\",\"item\":\"https:\/\/asiaglobalservice.com\/\"},{\"@type\":\"ListItem\",\"position\":2,\"name\":\"Shop\",\"item\":\"https:\/\/asiaglobalservice.com\/index.php\/shop\/\"},{\"@type\":\"ListItem\",\"position\":3,\"name\":\"Ricevitore a 2 canali HET\/S 2 BS\"}]},{\"@type\":\"WebSite\",\"@id\":\"https:\/\/asiaglobalservice.com\/#website\",\"url\":\"https:\/\/asiaglobalservice.com\/\",\"name\":\"Asia Global Service\",\"description\":\"\",\"publisher\":{\"@id\":\"https:\/\/asiaglobalservice.com\/#organization\"},\"potentialAction\":[{\"@type\":\"SearchAction\",\"target\":{\"@type\":\"EntryPoint\",\"urlTemplate\":\"https:\/\/asiaglobalservice.com\/?s={search_term_string}\"},\"query-input\":{\"@type\":\"PropertyValueSpecification\",\"valueRequired\":true,\"valueName\":\"search_term_string\"}}],\"inLanguage\":\"it-IT\"},{\"@type\":\"Organization\",\"@id\":\"https:\/\/asiaglobalservice.com\/#organization\",\"name\":\"Asia Global Service\",\"url\":\"https:\/\/asiaglobalservice.com\/\",\"logo\":{\"@type\":\"ImageObject\",\"inLanguage\":\"it-IT\",\"@id\":\"https:\/\/asiaglobalservice.com\/#\/schema\/logo\/image\/\",\"url\":\"https:\/\/asiaglobalservice.com\/wp-content\/uploads\/2024\/10\/logo-asia-sfondato.png\",\"contentUrl\":\"https:\/\/asiaglobalservice.com\/wp-content\/uploads\/2024\/10\/logo-asia-sfondato.png\",\"width\":826,\"height\":278,\"caption\":\"Asia Global Service\"},\"image\":{\"@id\":\"https:\/\/asiaglobalservice.com\/#\/schema\/logo\/image\/\"}}]}<\/script>\n<!-- \/ Yoast SEO plugin. -->","yoast_head_json":{"title":"Ricevitore a 2 canali HET\/S 2 BS - Asia Global Service","robots":{"index":"index","follow":"follow","max-snippet":"max-snippet:-1","max-image-preview":"max-image-preview:large","max-video-preview":"max-video-preview:-1"},"canonical":"https:\/\/asiaglobalservice.com\/index.php\/prodotto\/ricevitore-a-2-canali-het-s-2-bs\/","og_locale":"it_IT","og_type":"article","og_title":"Ricevitore a 2 canali HET\/S 2 BS - Asia Global Service","og_description":"PREZZO IVA INCLUSA","og_url":"https:\/\/asiaglobalservice.com\/index.php\/prodotto\/ricevitore-a-2-canali-het-s-2-bs\/","og_site_name":"Asia Global Service","article_modified_time":"2026-02-20T10:39:54+00:00","og_image":[{"width":525,"height":540,"url":"https:\/\/asiaglobalservice.com\/wp-content\/uploads\/2024\/11\/436728.png","type":"image\/png"}],"twitter_card":"summary_large_image","twitter_misc":{"Tempo di lettura stimato":"1 minuto"},"schema":{"@context":"https:\/\/schema.org","@graph":[{"@type":"WebPage","@id":"https:\/\/asiaglobalservice.com\/index.php\/prodotto\/ricevitore-a-2-canali-het-s-2-bs\/","url":"https:\/\/asiaglobalservice.com\/index.php\/prodotto\/ricevitore-a-2-canali-het-s-2-bs\/","name":"Ricevitore a 2 canali HET\/S 2 BS - Asia Global Service","isPartOf":{"@id":"https:\/\/asiaglobalservice.com\/#website"},"primaryImageOfPage":{"@id":"https:\/\/asiaglobalservice.com\/index.php\/prodotto\/ricevitore-a-2-canali-het-s-2-bs\/#primaryimage"},"image":{"@id":"https:\/\/asiaglobalservice.com\/index.php\/prodotto\/ricevitore-a-2-canali-het-s-2-bs\/#primaryimage"},"thumbnailUrl":"https:\/\/asiaglobalservice.com\/wp-content\/uploads\/2024\/11\/436728.png","datePublished":"2024-11-08T09:31:51+00:00","dateModified":"2026-02-20T10:39:54+00:00","breadcrumb":{"@id":"https:\/\/asiaglobalservice.com\/index.php\/prodotto\/ricevitore-a-2-canali-het-s-2-bs\/#breadcrumb"},"inLanguage":"it-IT","potentialAction":[{"@type":"ReadAction","target":["https:\/\/asiaglobalservice.com\/index.php\/prodotto\/ricevitore-a-2-canali-het-s-2-bs\/"]}]},{"@type":"ImageObject","inLanguage":"it-IT","@id":"https:\/\/asiaglobalservice.com\/index.php\/prodotto\/ricevitore-a-2-canali-het-s-2-bs\/#primaryimage","url":"https:\/\/asiaglobalservice.com\/wp-content\/uploads\/2024\/11\/436728.png","contentUrl":"https:\/\/asiaglobalservice.com\/wp-content\/uploads\/2024\/11\/436728.png","width":525,"height":540},{"@type":"BreadcrumbList","@id":"https:\/\/asiaglobalservice.com\/index.php\/prodotto\/ricevitore-a-2-canali-het-s-2-bs\/#breadcrumb","itemListElement":[{"@type":"ListItem","position":1,"name":"Home","item":"https:\/\/asiaglobalservice.com\/"},{"@type":"ListItem","position":2,"name":"Shop","item":"https:\/\/asiaglobalservice.com\/index.php\/shop\/"},{"@type":"ListItem","position":3,"name":"Ricevitore a 2 canali HET\/S 2 BS"}]},{"@type":"WebSite","@id":"https:\/\/asiaglobalservice.com\/#website","url":"https:\/\/asiaglobalservice.com\/","name":"Asia Global Service","description":"","publisher":{"@id":"https:\/\/asiaglobalservice.com\/#organization"},"potentialAction":[{"@type":"SearchAction","target":{"@type":"EntryPoint","urlTemplate":"https:\/\/asiaglobalservice.com\/?s={search_term_string}"},"query-input":{"@type":"PropertyValueSpecification","valueRequired":true,"valueName":"search_term_string"}}],"inLanguage":"it-IT"},{"@type":"Organization","@id":"https:\/\/asiaglobalservice.com\/#organization","name":"Asia Global Service","url":"https:\/\/asiaglobalservice.com\/","logo":{"@type":"ImageObject","inLanguage":"it-IT","@id":"https:\/\/asiaglobalservice.com\/#\/schema\/logo\/image\/","url":"https:\/\/asiaglobalservice.com\/wp-content\/uploads\/2024\/10\/logo-asia-sfondato.png","contentUrl":"https:\/\/asiaglobalservice.com\/wp-content\/uploads\/2024\/10\/logo-asia-sfondato.png","width":826,"height":278,"caption":"Asia Global Service"},"image":{"@id":"https:\/\/asiaglobalservice.com\/#\/schema\/logo\/image\/"}}]}},"_links":{"self":[{"href":"https:\/\/asiaglobalservice.com\/index.php\/wp-json\/wp\/v2\/product\/10942","targetHints":{"allow":["GET"]}}],"collection":[{"href":"https:\/\/asiaglobalservice.com\/index.php\/wp-json\/wp\/v2\/product"}],"about":[{"href":"https:\/\/asiaglobalservice.com\/index.php\/wp-json\/wp\/v2\/types\/product"}],"wp:featuredmedia":[{"embeddable":true,"href":"https:\/\/asiaglobalservice.com\/index.php\/wp-json\/wp\/v2\/media\/10943"}],"wp:attachment":[{"href":"https:\/\/asiaglobalservice.com\/index.php\/wp-json\/wp\/v2\/media?parent=10942"}],"wp:term":[{"taxonomy":"product_brand","embeddable":true,"href":"https:\/\/asiaglobalservice.com\/index.php\/wp-json\/wp\/v2\/product_brand?post=10942"},{"taxonomy":"product_cat","embeddable":true,"href":"https:\/\/asiaglobalservice.com\/index.php\/wp-json\/wp\/v2\/product_cat?post=10942"},{"taxonomy":"product_tag","embeddable":true,"href":"https:\/\/asiaglobalservice.com\/index.php\/wp-json\/wp\/v2\/product_tag?post=10942"}],"curies":[{"name":"wp","href":"https:\/\/api.w.org\/{rel}","templated":true}]}}