{"id":11011,"date":"2024-11-17T11:50:12","date_gmt":"2024-11-17T10:50:12","guid":{"rendered":"https:\/\/asiaglobalservice.com\/?post_type=product&#038;p=11011"},"modified":"2026-01-19T12:17:21","modified_gmt":"2026-01-19T11:17:21","slug":"as-superblock-600-cod-12500250","status":"publish","type":"product","link":"https:\/\/asiaglobalservice.com\/index.php\/prodotto\/as-superblock-600-cod-12500250\/","title":{"rendered":"AS-SUPERBLOCK-600 cod.12500250"},"content":{"rendered":"<p><span style=\"font-family: arial, helvetica, sans-serif\">BLOCK e SUPER BLOCK sono dissuasori per la gestione di aree di transito, parcheggi e protezione di accessi pubblici e privati. Costituiti da un movimento oleodinamico realizzato negli stabilimenti SEA per la massima silenziosit\u00e0 e affidabilit\u00e0 nel tempo. La centralina oleodinamica \u00e8 incorporata per una semplice installazione. Il dispositivo di sblocco consente il movimento manuale in caso di mancanza di energia elettrica. BLOCK e SUPER BLOCK sono dotati anche di indicatori luminosi a Led (24V) e avviso sonoro (optional). Dissuasore idraulico con luci Led, cassaforma di fondazione, chiusino carrabile, cavi 10 m &#8211; con elettrovalvola. Centralina incorporata con ricevente e due telecomandi.<\/span><\/p>\n<p><span style=\"font-family: arial, helvetica, sans-serif\"><strong>Accessori da ordinare a parte:<\/strong><\/span><\/p>\n<p><span style=\"font-family: arial, helvetica, sans-serif\">Lampeggiatore<\/span><\/p>\n<p><span style=\"font-family: arial, helvetica, sans-serif\"><span style=\"vertical-align: inherit\"><span style=\"vertical-align: inherit\"><span style=\"vertical-align: inherit\"><span style=\"vertical-align: inherit\"><span style=\"vertical-align: inherit\"><span style=\"vertical-align: inherit\">Spira a terra<\/span><\/span><\/span><\/span><\/span><\/span><\/span><\/p>\n<p><span style=\"font-family: arial, helvetica, sans-serif\">Riconoscimento targhe<\/span><\/p>\n<p><span style=\"font-family: arial, helvetica, sans-serif\">Tastiera digitale<\/span><\/p>\n<p>Comando con APP<\/p>","protected":false},"excerpt":{"rendered":"<p>IVA INCLUSA<\/p>\n","protected":false},"featured_media":11015,"template":"","meta":{"_joinchat":[]},"product_brand":[316],"product_cat":[107,78,264],"product_tag":[171],"class_list":{"0":"post-11011","1":"product","2":"type-product","3":"status-publish","4":"has-post-thumbnail","6":"product_brand-sea-automazioni","7":"product_cat-automazioni","8":"product_cat-controllo-accessi","9":"product_cat-dissuasori","10":"product_tag-dissuasori","12":"first","13":"outofstock","14":"shipping-taxable","15":"purchasable","16":"product-type-simple"},"yoast_head":"<!-- This site is optimized with the Yoast SEO plugin v26.1.1 - https:\/\/yoast.com\/wordpress\/plugins\/seo\/ -->\n<title>AS-SUPERBLOCK-600 cod.12500250 - Asia Global Service<\/title>\n<meta name=\"robots\" content=\"index, follow, max-snippet:-1, max-image-preview:large, max-video-preview:-1\" \/>\n<link rel=\"canonical\" href=\"https:\/\/asiaglobalservice.com\/index.php\/prodotto\/as-superblock-600-cod-12500250\/\" \/>\n<meta property=\"og:locale\" content=\"it_IT\" \/>\n<meta property=\"og:type\" content=\"article\" \/>\n<meta property=\"og:title\" content=\"AS-SUPERBLOCK-600 cod.12500250 - Asia Global Service\" \/>\n<meta property=\"og:description\" content=\"IVA INCLUSA\" \/>\n<meta property=\"og:url\" content=\"https:\/\/asiaglobalservice.com\/index.php\/prodotto\/as-superblock-600-cod-12500250\/\" \/>\n<meta property=\"og:site_name\" content=\"Asia Global Service\" \/>\n<meta property=\"article:modified_time\" content=\"2026-01-19T11:17:21+00:00\" \/>\n<meta property=\"og:image\" content=\"https:\/\/asiaglobalservice.com\/wp-content\/uploads\/2024\/11\/download.jpg\" \/>\n\t<meta property=\"og:image:width\" content=\"260\" \/>\n\t<meta property=\"og:image:height\" content=\"200\" \/>\n\t<meta property=\"og:image:type\" content=\"image\/jpeg\" \/>\n<meta name=\"twitter:card\" content=\"summary_large_image\" \/>\n<meta name=\"twitter:label1\" content=\"Tempo di lettura stimato\" \/>\n\t<meta name=\"twitter:data1\" content=\"1 minuto\" \/>\n<script type=\"application\/ld+json\" class=\"yoast-schema-graph\">{\"@context\":\"https:\/\/schema.org\",\"@graph\":[{\"@type\":\"WebPage\",\"@id\":\"https:\/\/asiaglobalservice.com\/index.php\/prodotto\/as-superblock-600-cod-12500250\/\",\"url\":\"https:\/\/asiaglobalservice.com\/index.php\/prodotto\/as-superblock-600-cod-12500250\/\",\"name\":\"AS-SUPERBLOCK-600 cod.12500250 - Asia Global Service\",\"isPartOf\":{\"@id\":\"https:\/\/asiaglobalservice.com\/#website\"},\"primaryImageOfPage\":{\"@id\":\"https:\/\/asiaglobalservice.com\/index.php\/prodotto\/as-superblock-600-cod-12500250\/#primaryimage\"},\"image\":{\"@id\":\"https:\/\/asiaglobalservice.com\/index.php\/prodotto\/as-superblock-600-cod-12500250\/#primaryimage\"},\"thumbnailUrl\":\"https:\/\/asiaglobalservice.com\/wp-content\/uploads\/2024\/11\/download.jpg\",\"datePublished\":\"2024-11-17T10:50:12+00:00\",\"dateModified\":\"2026-01-19T11:17:21+00:00\",\"breadcrumb\":{\"@id\":\"https:\/\/asiaglobalservice.com\/index.php\/prodotto\/as-superblock-600-cod-12500250\/#breadcrumb\"},\"inLanguage\":\"it-IT\",\"potentialAction\":[{\"@type\":\"ReadAction\",\"target\":[\"https:\/\/asiaglobalservice.com\/index.php\/prodotto\/as-superblock-600-cod-12500250\/\"]}]},{\"@type\":\"ImageObject\",\"inLanguage\":\"it-IT\",\"@id\":\"https:\/\/asiaglobalservice.com\/index.php\/prodotto\/as-superblock-600-cod-12500250\/#primaryimage\",\"url\":\"https:\/\/asiaglobalservice.com\/wp-content\/uploads\/2024\/11\/download.jpg\",\"contentUrl\":\"https:\/\/asiaglobalservice.com\/wp-content\/uploads\/2024\/11\/download.jpg\",\"width\":260,\"height\":200},{\"@type\":\"BreadcrumbList\",\"@id\":\"https:\/\/asiaglobalservice.com\/index.php\/prodotto\/as-superblock-600-cod-12500250\/#breadcrumb\",\"itemListElement\":[{\"@type\":\"ListItem\",\"position\":1,\"name\":\"Home\",\"item\":\"https:\/\/asiaglobalservice.com\/\"},{\"@type\":\"ListItem\",\"position\":2,\"name\":\"Shop\",\"item\":\"https:\/\/asiaglobalservice.com\/index.php\/shop\/\"},{\"@type\":\"ListItem\",\"position\":3,\"name\":\"AS-SUPERBLOCK-600 cod.12500250\"}]},{\"@type\":\"WebSite\",\"@id\":\"https:\/\/asiaglobalservice.com\/#website\",\"url\":\"https:\/\/asiaglobalservice.com\/\",\"name\":\"Asia Global Service\",\"description\":\"\",\"publisher\":{\"@id\":\"https:\/\/asiaglobalservice.com\/#organization\"},\"potentialAction\":[{\"@type\":\"SearchAction\",\"target\":{\"@type\":\"EntryPoint\",\"urlTemplate\":\"https:\/\/asiaglobalservice.com\/?s={search_term_string}\"},\"query-input\":{\"@type\":\"PropertyValueSpecification\",\"valueRequired\":true,\"valueName\":\"search_term_string\"}}],\"inLanguage\":\"it-IT\"},{\"@type\":\"Organization\",\"@id\":\"https:\/\/asiaglobalservice.com\/#organization\",\"name\":\"Asia Global Service\",\"url\":\"https:\/\/asiaglobalservice.com\/\",\"logo\":{\"@type\":\"ImageObject\",\"inLanguage\":\"it-IT\",\"@id\":\"https:\/\/asiaglobalservice.com\/#\/schema\/logo\/image\/\",\"url\":\"https:\/\/asiaglobalservice.com\/wp-content\/uploads\/2024\/10\/logo-asia-sfondato.png\",\"contentUrl\":\"https:\/\/asiaglobalservice.com\/wp-content\/uploads\/2024\/10\/logo-asia-sfondato.png\",\"width\":826,\"height\":278,\"caption\":\"Asia Global Service\"},\"image\":{\"@id\":\"https:\/\/asiaglobalservice.com\/#\/schema\/logo\/image\/\"}}]}<\/script>\n<!-- \/ Yoast SEO plugin. -->","yoast_head_json":{"title":"AS-SUPERBLOCK-600 cod.12500250 - Asia Global Service","robots":{"index":"index","follow":"follow","max-snippet":"max-snippet:-1","max-image-preview":"max-image-preview:large","max-video-preview":"max-video-preview:-1"},"canonical":"https:\/\/asiaglobalservice.com\/index.php\/prodotto\/as-superblock-600-cod-12500250\/","og_locale":"it_IT","og_type":"article","og_title":"AS-SUPERBLOCK-600 cod.12500250 - Asia Global Service","og_description":"IVA INCLUSA","og_url":"https:\/\/asiaglobalservice.com\/index.php\/prodotto\/as-superblock-600-cod-12500250\/","og_site_name":"Asia Global Service","article_modified_time":"2026-01-19T11:17:21+00:00","og_image":[{"width":260,"height":200,"url":"https:\/\/asiaglobalservice.com\/wp-content\/uploads\/2024\/11\/download.jpg","type":"image\/jpeg"}],"twitter_card":"summary_large_image","twitter_misc":{"Tempo di lettura stimato":"1 minuto"},"schema":{"@context":"https:\/\/schema.org","@graph":[{"@type":"WebPage","@id":"https:\/\/asiaglobalservice.com\/index.php\/prodotto\/as-superblock-600-cod-12500250\/","url":"https:\/\/asiaglobalservice.com\/index.php\/prodotto\/as-superblock-600-cod-12500250\/","name":"AS-SUPERBLOCK-600 cod.12500250 - Asia Global Service","isPartOf":{"@id":"https:\/\/asiaglobalservice.com\/#website"},"primaryImageOfPage":{"@id":"https:\/\/asiaglobalservice.com\/index.php\/prodotto\/as-superblock-600-cod-12500250\/#primaryimage"},"image":{"@id":"https:\/\/asiaglobalservice.com\/index.php\/prodotto\/as-superblock-600-cod-12500250\/#primaryimage"},"thumbnailUrl":"https:\/\/asiaglobalservice.com\/wp-content\/uploads\/2024\/11\/download.jpg","datePublished":"2024-11-17T10:50:12+00:00","dateModified":"2026-01-19T11:17:21+00:00","breadcrumb":{"@id":"https:\/\/asiaglobalservice.com\/index.php\/prodotto\/as-superblock-600-cod-12500250\/#breadcrumb"},"inLanguage":"it-IT","potentialAction":[{"@type":"ReadAction","target":["https:\/\/asiaglobalservice.com\/index.php\/prodotto\/as-superblock-600-cod-12500250\/"]}]},{"@type":"ImageObject","inLanguage":"it-IT","@id":"https:\/\/asiaglobalservice.com\/index.php\/prodotto\/as-superblock-600-cod-12500250\/#primaryimage","url":"https:\/\/asiaglobalservice.com\/wp-content\/uploads\/2024\/11\/download.jpg","contentUrl":"https:\/\/asiaglobalservice.com\/wp-content\/uploads\/2024\/11\/download.jpg","width":260,"height":200},{"@type":"BreadcrumbList","@id":"https:\/\/asiaglobalservice.com\/index.php\/prodotto\/as-superblock-600-cod-12500250\/#breadcrumb","itemListElement":[{"@type":"ListItem","position":1,"name":"Home","item":"https:\/\/asiaglobalservice.com\/"},{"@type":"ListItem","position":2,"name":"Shop","item":"https:\/\/asiaglobalservice.com\/index.php\/shop\/"},{"@type":"ListItem","position":3,"name":"AS-SUPERBLOCK-600 cod.12500250"}]},{"@type":"WebSite","@id":"https:\/\/asiaglobalservice.com\/#website","url":"https:\/\/asiaglobalservice.com\/","name":"Asia Global Service","description":"","publisher":{"@id":"https:\/\/asiaglobalservice.com\/#organization"},"potentialAction":[{"@type":"SearchAction","target":{"@type":"EntryPoint","urlTemplate":"https:\/\/asiaglobalservice.com\/?s={search_term_string}"},"query-input":{"@type":"PropertyValueSpecification","valueRequired":true,"valueName":"search_term_string"}}],"inLanguage":"it-IT"},{"@type":"Organization","@id":"https:\/\/asiaglobalservice.com\/#organization","name":"Asia Global Service","url":"https:\/\/asiaglobalservice.com\/","logo":{"@type":"ImageObject","inLanguage":"it-IT","@id":"https:\/\/asiaglobalservice.com\/#\/schema\/logo\/image\/","url":"https:\/\/asiaglobalservice.com\/wp-content\/uploads\/2024\/10\/logo-asia-sfondato.png","contentUrl":"https:\/\/asiaglobalservice.com\/wp-content\/uploads\/2024\/10\/logo-asia-sfondato.png","width":826,"height":278,"caption":"Asia Global Service"},"image":{"@id":"https:\/\/asiaglobalservice.com\/#\/schema\/logo\/image\/"}}]}},"_links":{"self":[{"href":"https:\/\/asiaglobalservice.com\/index.php\/wp-json\/wp\/v2\/product\/11011","targetHints":{"allow":["GET"]}}],"collection":[{"href":"https:\/\/asiaglobalservice.com\/index.php\/wp-json\/wp\/v2\/product"}],"about":[{"href":"https:\/\/asiaglobalservice.com\/index.php\/wp-json\/wp\/v2\/types\/product"}],"wp:featuredmedia":[{"embeddable":true,"href":"https:\/\/asiaglobalservice.com\/index.php\/wp-json\/wp\/v2\/media\/11015"}],"wp:attachment":[{"href":"https:\/\/asiaglobalservice.com\/index.php\/wp-json\/wp\/v2\/media?parent=11011"}],"wp:term":[{"taxonomy":"product_brand","embeddable":true,"href":"https:\/\/asiaglobalservice.com\/index.php\/wp-json\/wp\/v2\/product_brand?post=11011"},{"taxonomy":"product_cat","embeddable":true,"href":"https:\/\/asiaglobalservice.com\/index.php\/wp-json\/wp\/v2\/product_cat?post=11011"},{"taxonomy":"product_tag","embeddable":true,"href":"https:\/\/asiaglobalservice.com\/index.php\/wp-json\/wp\/v2\/product_tag?post=11011"}],"curies":[{"name":"wp","href":"https:\/\/api.w.org\/{rel}","templated":true}]}}